{"id":2465,"date":"2021-03-12T07:58:02","date_gmt":"2021-03-12T04:58:02","guid":{"rendered":"https:\/\/erkurtholding.com\/yonetim-kurulu-baskanimizin-mesaji-side\/"},"modified":"2021-03-12T07:58:02","modified_gmt":"2021-03-12T04:58:02","slug":"yonetim-kurulu-baskanimizin-mesaji-side","status":"publish","type":"page","link":"https:\/\/erkurtholding.com\/en\/yonetim-kurulu-baskanimizin-mesaji-side\/","title":{"rendered":"Y\u00f6netim Kurulu Ba\u015fkan\u0131m\u0131z\u0131n Mesaj\u0131 Side"},"content":{"rendered":"\n<h5 class=\"wp-block-heading\">\u00c7ok De\u011ferli \u00c7al\u0131\u015fanlar\u0131m\u0131z ve \u0130\u015f Ortaklar\u0131m\u0131z,<\/h5>\n\n\n\n<div class=\"wp-block-group alignwide\"><div class=\"wp-block-group__inner-container is-layout-flow wp-block-group-is-layout-flow\">\n<div class=\"wp-block-columns is-layout-flex wp-container-core-columns-is-layout-9d6595d7 wp-block-columns-is-layout-flex\">\n<div class=\"wp-block-column is-layout-flow wp-block-column-is-layout-flow\" style=\"flex-basis:100%\">\n<div class=\"wp-block-columns is-layout-flex wp-container-core-columns-is-layout-9d6595d7 wp-block-columns-is-layout-flex\">\n<div class=\"wp-block-column is-layout-flow wp-block-column-is-layout-flow\" style=\"flex-basis:100%\">\n<div class=\"wp-block-group alignwide\"><div class=\"wp-block-group__inner-container is-layout-flow wp-block-group-is-layout-flow\">\n<div class=\"wp-block-media-text alignwide has-media-on-the-right is-stacked-on-mobile\" style=\"grid-template-columns:auto 29%\"><figure class=\"wp-block-media-text__media\"><img loading=\"lazy\" decoding=\"async\" width=\"494\" height=\"492\" src=\"https:\/\/erkurtholding.com\/wp-content\/uploads\/2021\/03\/avatar.png\" alt=\"\" class=\"wp-image-129 size-full\" srcset=\"https:\/\/erkurtholding.com\/wp-content\/uploads\/2021\/03\/avatar.png 494w, https:\/\/erkurtholding.com\/wp-content\/uploads\/2021\/03\/avatar-300x300.png 300w, https:\/\/erkurtholding.com\/wp-content\/uploads\/2021\/03\/avatar-150x150.png 150w\" sizes=\"auto, (max-width: 494px) 100vw, 494px\" \/><\/figure><div class=\"wp-block-media-text__content\">\n<figure class=\"wp-block-image\"><img decoding=\"async\" src=\"https:\/\/erkurtholding.com\/wp-admin\/post.php?post=128&amp;action=edit\" alt=\"\"\/><\/figure>\n\n\n\n<p>T\u00fcm Erkurt Holding i\u015ftirakleri kurulduklar\u0131 ilk g\u00fcnden beri, faaliyet g\u00f6sterdikleri alanlarda kendini kan\u0131tlam\u0131\u015f, k\u00f6kl\u00fc ve g\u00fcvenilir kurumlar olmu\u015ftur. Kurucumuz ve Onursal Ba\u015fkan\u0131m\u0131z Say\u0131n Ahmet Kurtcebe Alptemo\u00e7in\u2019in, bize yol g\u00f6steren;<\/p>\n\n\n\n<p>\u201cTemel ve \u00f6ncelikli amac\u0131m\u0131z; do\u011fru, d\u00fcr\u00fcst ve iyi niyetli olarak, kaliteli \u00fcretmek, yasalara sayg\u0131l\u0131, \u00fcretim ve y\u00f6netim anlay\u0131\u015f\u0131m\u0131z\u0131 s\u00fcrekli geli\u015ftirerek, \u00fclke ekonomisine artan bir katma de\u011fer sa\u011flamakt\u0131r.\u201d olarak kabul etti\u011fimiz misyonumuzla, 40 seneyi a\u015fk\u0131n bir s\u00fcredir \u00e7al\u0131\u015fmaktay\u0131z ve bu misyon do\u011frultusunda \u00e7al\u0131\u015fmaya devam edece\u011fiz.<\/p>\n<\/div><\/div>\n<\/div><\/div>\n<\/div>\n<\/div>\n<\/div>\n<\/div>\n<\/div><\/div>\n\n\n\n<p>1978 y\u0131l\u0131nda Erkurt Tekstil ve Yal\u0131t\u0131m \u00dcr\u00fcnleri A.\u015e. olarak ba\u015flayan yolculu\u011fumuz, 1983 y\u0131l\u0131nda Formfleks\u2019in, 1985 y\u0131l\u0131nda Erkurt D\u0131\u015f Ticaret ve Pazarlama\u2019n\u0131n, 1987 y\u0131l\u0131nda Cemre Hal\u0131c\u0131l\u0131k\u2019\u0131n, 1992 y\u0131l\u0131nda Taysan\u2019\u0131n ve 1997 y\u0131l\u0131nda Rieter-Erkurt\u2019un kurulmas\u0131yla devam etti. Bu d\u00f6nemi birinci, yani bizi g\u00fcn\u00fcm\u00fcze ta\u015f\u0131yacak temel kurgunun \u015fekillendi\u011fi evre olarak tan\u0131mlayabiliriz.<\/p>\n\n\n\n<p>1998 y\u0131l\u0131nda Erkurt Holding A.\u015e.\u2019nin kurulmas\u0131yla, t\u00fcm \u015firketlerimiz holding \u00e7at\u0131s\u0131 alt\u0131nda topland\u0131. Daha sonra; 2002 y\u0131l\u0131nda kurulan Bekalp Kal\u0131p\u00e7\u0131l\u0131k, 2005 y\u0131l\u0131nda kurulan Novet\u00fcd, 2012 y\u0131l\u0131nda kurulan Bekalp Otomotiv, 2017 y\u0131l\u0131nda kurulan Tabco, 2019 y\u0131l\u0131nda kurulan Formfleks Algeria ve yine 2019 y\u0131l\u0131nda kurulan Erkurt Ar-Ge \u015firketlerimiz holding i\u015ftirakleri olarak kuruldular. Bu d\u00f6nemi de ikinci, yani t\u00fcm yeni i\u015ftiraklerin ve y\u00f6netimsel faaliyetlerin Erkurt Holding taraf\u0131ndan koordine edildi\u011fi evre olarak tan\u0131mlayabiliriz.<\/p>\n\n\n\n<p>2000\u2019li y\u0131llarda ba\u015flayan internet \u00e7a\u011f\u0131, zamanla end\u00fcstrideki t\u00fcm yakla\u015f\u0131mlar\u0131 etkiledi ve d\u00fcnyan\u0131n neredeyse b\u00fcy\u00fck bir k\u00f6ye d\u00f6n\u00fc\u015fmesine neden oldu. Uzaklar\u0131n yak\u0131nla\u015ft\u0131\u011f\u0131, \u00fcreticinin t\u00fcketiciyle, sat\u0131c\u0131n\u0131n da al\u0131c\u0131yla arac\u0131s\u0131z bulu\u015fabildi\u011fi bu d\u00f6nemin tetikledi\u011fi teknolojik geli\u015fmeler, i\u015f ortamlar\u0131n\u0131n dijitalle\u015fmi\u015f yani bir \u00fcretim merkezindeki t\u00fcm birimlerin birbirleriyle internet \u00fczerinden ve makinelerle haberle\u015fti\u011fi bir yap\u0131ya evrilmesini sa\u011flad\u0131. Bu da End\u00fcstri 4.0 olarak tan\u0131mlanan end\u00fcstriyel olgunluk \u00e7a\u011f\u0131n\u0131 ba\u015flatt\u0131.<\/p>\n\n\n\n<p>D\u00fcnyan\u0131n bu h\u0131zla dijitalle\u015fmesi, t\u00fcm \u015firketleri b\u00f6lgesel de\u011fil k\u00fcresel oyuncular olmaya davet ediyor. Elbette bu davete icabet edebilmek giri\u015fimci, \u00e7ok k\u00fclt\u00fcrl\u00fc ortamlarda i\u015f yapabilme becerisi olan, i\u015f eti\u011fine sahip, yarat\u0131c\u0131, inovatif ve rekabet\u00e7i olmay\u0131 gerektiriyor. Bu yeni \u00e7a\u011f\u0131n gerektirdi\u011fi ortam asl\u0131nda \u00e7ok sert bir ay\u0131klanma s\u00fcrecine de sahne olacak; uyabilen ayakta kalacak, uyamayan ise ticari hayat\u0131n\u0131 sonland\u0131racak.<\/p>\n\n\n\n<p>Bu durum, bizim yeni d\u00f6nemde sadece mevcudiyetimizi korumak de\u011fil, b\u00fcy\u00fcmek ve geli\u015fmemizi sa\u011flamak i\u00e7in art\u0131k \u00fc\u00e7\u00fcnc\u00fc evreye g\u00f6re yap\u0131lanmam\u0131z gerekti\u011fini ortaya koymu\u015ftur.<\/p>\n\n\n\n<p>\u00dc\u00e7\u00fcnc\u00fc evre, \u201cBeing Global\u201d olarak belirledi\u011fimiz vizyonumuza uygun bir yap\u0131lanma ve b\u00fcy\u00fcme stratejisini ortaya koydu\u011fumuz yeni d\u00f6nemdir. Bu yeni evre, 2020 y\u0131l\u0131nda faaliyet g\u00f6steren alt\u0131 \u015firketimizin Formfleks \u00e7at\u0131s\u0131 alt\u0131nda birle\u015fmesiyle ba\u015flam\u0131\u015ft\u0131r. Hedefimiz, Formfleks\u2019in ana faaliyet alan\u0131 olan otomotiv sekt\u00f6r\u00fcnde, uluslararas\u0131 pazarlarda faaliyet g\u00f6steren, \u00e7al\u0131\u015fan ve m\u00fc\u015fteri memnuniyetini g\u00f6z \u00f6n\u00fcne alarak m\u00fckemmel i\u015f sonu\u00e7lar\u0131na ula\u015fm\u0131\u015f, faaliyetlerini uluslararas\u0131 y\u00f6netim ve denetim sistemlerine uygun olarak yap\u0131land\u0131rm\u0131\u015f, yal\u0131n ve s\u00fcrd\u00fcr\u00fclebilir bir y\u00f6netim anlay\u0131\u015f\u0131n\u0131 i\u015f k\u00fclt\u00fcr\u00fc haline getirmi\u015f bir \u015firket olmas\u0131d\u0131r.<\/p>\n\n\n\n<p>Bu hedefe mutlaka ula\u015faca\u011f\u0131z. Eminim ki ileride tekrar yap\u0131lanmak zorunda olaca\u011f\u0131m\u0131z yeni bir d\u00f6nem gelecek. Formfleks, o d\u00f6nemin kap\u0131s\u0131nda yine hedeflerini ger\u00e7ekle\u015ftirmi\u015f, kendinden emin ve ileriye bakan bir tav\u0131rla bekliyor olacak!<\/p>\n\n\n\n<p>Birlikte ve daima.<\/p>\n\n\n\n<h5 class=\"wp-block-heading\">\u00c2li Kerem ALPTEMO\u00c7\u0130N<br>Y\u00f6netim Kurulu Ba\u015fkan\u0131<\/h5>\n","protected":false},"excerpt":{"rendered":"<p>\u00c7ok De\u011ferli \u00c7al\u0131\u015fanlar\u0131m\u0131z ve \u0130\u015f Ortaklar\u0131m\u0131z, T\u00fcm Erkurt Holding i\u015ftirakleri kurulduklar\u0131 ilk g\u00fcnden beri, faaliyet g\u00f6sterdikleri alanlarda kendini kan\u0131tlam\u0131\u015f, k\u00f6kl\u00fc ve g\u00fcvenilir kurumlar olmu\u015ftur. Kurucumuz ve Onursal Ba\u015fkan\u0131m\u0131z Say\u0131n Ahmet Kurtcebe Alptemo\u00e7in\u2019in, bize yol g\u00f6steren; \u201cTemel ve \u00f6ncelikli amac\u0131m\u0131z; do\u011fru, d\u00fcr\u00fcst ve iyi niyetli olarak, kaliteli \u00fcretmek, yasalara sayg\u0131l\u0131, \u00fcretim ve y\u00f6netim anlay\u0131\u015f\u0131m\u0131z\u0131 s\u00fcrekli geli\u015ftirerek, [&hellip;]<\/p>\n","protected":false},"author":1,"featured_media":0,"parent":0,"menu_order":0,"comment_status":"closed","ping_status":"closed","template":"subpagewithmenusidebar.php","meta":{"_acf_changed":false,"wp_social_preview_title":"","wp_social_preview_description":"","wp_social_preview_image":0,"footnotes":""},"class_list":["post-2465","page","type-page","status-publish","hentry"],"acf":[],"_links":{"self":[{"href":"https:\/\/erkurtholding.com\/en\/wp-json\/wp\/v2\/pages\/2465","targetHints":{"allow":["GET"]}}],"collection":[{"href":"https:\/\/erkurtholding.com\/en\/wp-json\/wp\/v2\/pages"}],"about":[{"href":"https:\/\/erkurtholding.com\/en\/wp-json\/wp\/v2\/types\/page"}],"author":[{"embeddable":true,"href":"https:\/\/erkurtholding.com\/en\/wp-json\/wp\/v2\/users\/1"}],"replies":[{"embeddable":true,"href":"https:\/\/erkurtholding.com\/en\/wp-json\/wp\/v2\/comments?post=2465"}],"version-history":[{"count":0,"href":"https:\/\/erkurtholding.com\/en\/wp-json\/wp\/v2\/pages\/2465\/revisions"}],"wp:attachment":[{"href":"https:\/\/erkurtholding.com\/en\/wp-json\/wp\/v2\/media?parent=2465"}],"curies":[{"name":"wp","href":"https:\/\/api.w.org\/{rel}","templated":true}]}}