{"id":2458,"date":"2021-03-13T22:41:26","date_gmt":"2021-03-13T19:41:26","guid":{"rendered":"https:\/\/erkurtholding.com\/tarihcemiz\/"},"modified":"2025-01-27T12:57:38","modified_gmt":"2025-01-27T09:57:38","slug":"tarihcemiz","status":"publish","type":"page","link":"https:\/\/erkurtholding.com\/en\/tarihcemiz\/","title":{"rendered":"History"},"content":{"rendered":"\n<p class=\"has-text-align-justify\">The first automobile named Anadol was produced in our country in 1966, with a mass production approach. Before the production of Anadol, in 1961, Devrim was produced but unfortunately not able to take a place in the mass production process, even if it had been manufactured with great enthusiasm, devotion and imagination.<\/p>\n\n\n\n<p class=\"has-text-align-justify\">In pursuit of Anadol, Murat 124 and Renault 12 produced in 1971 have emerged on highways. However, in the beginning, this domestic production was based on the assembly of imported parts in our country. For this reason, it was of great importance to improve the domestic automotive sub-industry  to decrease the number of imported parts and manufacturers from different sectors were encouraged to start production.<\/p>\n\n\n\n<p><strong>1978<\/strong><\/p>\n\n\n\n<p>Our story begins with Taysan A.\u015e., where Ahmet Kurtcebe Alptemo\u00e7in, who believed in the future of the automotive industry in our country, worked as a founding partner and general manager by coming to Bursa in 1969.<br><br>In the beginning, after the bitumen-based products were produced for sound insulation, efforts were initiated to produce sound insulation materials made of felt in order to meet the demands of the industry. By this means, the friendship formed with Recep Bekler, who produced felt machines soon became a partnership and Erkurt Tekstil ve Yal\u0131t\u0131m \u00dcr\u00fcnleri A.\u015e. was established in 1978.<br><br>1970\u2019s were years when amateur spirit prevailed and manufacturers tried to produce similar parts which were requested from them. As time passed, increasing figures and the quality expectations ensured the partnership which started under Erkurt\u2019s name which helped to develop the partnership as well.<\/p>\n\n\n\n<p><strong>1983<\/strong><\/p>\n\n\n\n<p>80s were breakthrough years with spectacular excitement.<br><br>In 1983, Formfleks Yal\u0131t\u0131m \u00dcr\u00fcnleri A.\u015e. was established in order to form floor and luggage carpets.<\/p>\n\n\n\n<p><strong>1985<\/strong><\/p>\n\n\n\n<p class=\"has-text-align-justify\">Erkurt D\u0131\u015f Ticaret ve Pazarlama A.\u015e. was established in order to provide services to automotive spare part industry in 1985.<\/p>\n\n\n\n<p><strong>1987<\/strong><\/p>\n\n\n\n<p class=\"has-text-align-justify\">In 1987, Cemre Hal\u0131c\u0131l\u0131k Sanayi ve Ticaret A.\u015e. was established in order to produce automotive, wall-to-wall and office carpets. Therefore, the backbone of our structure was completed.<\/p>\n\n\n\n<p><strong>1992<\/strong><\/p>\n\n\n\n<p>90s were the years in which the automotive sub-industry met quality and quality assurance concepts thus developed and started to prove itself in global area.<\/p>\n\n\n\n<p><br>In 1992, after Taysan Oto Yan Sanayi ve Ticaret A.\u015e. joined our organisation, deficiencies based on PVC foil, linoleum and carpet back coating products were also completed. As a result of the new part localisation efforts with increasing quality and capacity expectations, in 1992 a technical assistance contract was signed with Swiss-based Rieter Automotive.<\/p>\n\n\n\n<p class=\"has-text-align-justify\"><strong>1993<\/strong><\/p>\n\n\n\n<p class=\"has-text-align-justify\">One year after the collaboration made with Rieter Automotive, a technical assistance contract was signed with France-based Sommer Allibert in 1993.<\/p>\n\n\n\n<p><strong>1994<\/strong><\/p>\n\n\n\n<p class=\"has-text-align-justify\">Due to the economic crisis in our country in 1994, new market research enabled us to produce sound insulation materials for white goods industry.<\/p>\n\n\n\n<p><strong>1997<\/strong><\/p>\n\n\n\n<p>In 90s, the years of globalisation, countries got very close to each other thanks to the rise of communication tools and the strategies were transformed from national basis into regional and global identities.<br><br>This was reflected in the automotive industry with joint purchasing, cost reduction and world car concepts.<br><br>In order to adapt to these changing conditions, the Rieter-Erkurt partnership was established in 1997 with Rieter Automotive.<\/p>\n\n\n\n<p class=\"has-text-align-justify\"><strong>1998<\/strong><\/p>\n\n\n\n<p class=\"has-text-align-justify\">By establishing Erkurt Holding A.\u015e. in 1998, we started to restructure, and all our companies became a holding subsidiary.<\/p>\n\n\n\n<p><strong>2002<\/strong><\/p>\n\n\n\n<p class=\"has-text-align-justify\">2000s were the years when design, innovation and R&amp;D concepts were at the forefront. In order to be able to respond to the new evolutions in the industry, Bekalp Kal\u0131p\u00e7\u0131l\u0131k Makine \u0130malat ve Sistem Tasar\u0131m\u0131 A.\u015e. was established in 2002 and the deficiencies in mould manufacturing, project development, engineering and design issues were eliminated.<\/p>\n\n\n\n<p><strong>2005<\/strong><\/p>\n\n\n\n<p class=\"has-text-align-justify\">In the 2000s, when we were very active in our international relations, we exported our products to foreign countries such as Russia, Iran, England, Pakistan, Egypt, Romania etc. and established a partnership in Turkey with France-based Novet\u00fcd company in 2005 and also improved our collaboration with Faurecia, who has acquired France-based Sommer Allibert.<\/p>\n\n\n\n<p><strong>2012<\/strong><\/p>\n\n\n\n<p class=\"has-text-align-justify\">Thanks to Bekalp Otomotiv A.\u015e., established within the scope of our own needs in 2012, we started providing services to our customers in accordance with the \u201cJust in Time\u201d approach.<\/p>\n\n\n\n<p><strong>2017<\/strong><\/p>\n\n\n\n<p class=\"has-text-align-justify\">In 2017, TABCO A.\u015e. was established especially in order to operate in North African markets.<\/p>\n\n\n\n<p><strong>2018<\/strong><\/p>\n\n\n\n<p class=\"has-text-align-justify\">In 2018, Alptemo\u00e7in-Bekler Foundation for Education and Industrial Development was established in order to create basic programs to support and encourage highly skilled children in different age groups to participate in industrial life, develop their technical skills and prepare them for the industry 4.0 world.<\/p>\n\n\n\n<p><strong>2019<\/strong><\/p>\n\n\n\n<p>Formfleks, our flagship, started production abroad for the first time as Formfleks Algeria, which was established in Oran city of Algeria, within the scope of our cooperation with Renault.<br><br>Thanks to our R&amp;D Centre established in the same year, a very important step was taken for reaching a structure that can develop NVH and interior trim products and serve all customers within Full System Supplier status.<\/p>\n\n\n\n<p><strong>2020<\/strong><\/p>\n\n\n\n<p>With our vision \u201c<strong>BEING GLOBAL<\/strong>\u201d, Erkurt Holding and subsidiaries were restructured within the scope of the requirements of the automotive industry and the digitalised world. Erkurt Yal\u0131t\u0131m, Cemre, Taysan and Arma companies merged under the roof of Formfleks company, which is the holding\u2019s flagship company.<br><br>It is aimed to make Formfleks become a company that stands out with its production and engineering capabilities and that makes a difference by being transformed to a big structure in its new structure designed in accordance with \u201cStrong Production, Strong Planning and Strong Engineering\u201d targets.<br><br>Erkurt Holding is a continuously developing family. Our beliefs, experiences and enthusiasm that keeps us alive will continue to grow and will carry us to the next generations.<\/p>\n\n\n\n<p><strong>2021<\/strong><\/p>\n\n\n\n<p>Formfleks S.A. was established in Craiova, Romania, in order to manufacture sound insulators and interior trim pieces for automotive manufacturers in Romania.<\/p>\n\n\n\n<p><strong>2025<\/strong><\/p>\n\n\n\n<p>Erkurt Holding moved its head office to Bursa.<\/p>\n\n\n\n\n\n<p><\/p>\n","protected":false},"excerpt":{"rendered":"<p>The first automobile named Anadol was produced in our country in 1966, with a mass production approach. Before the production of Anadol, in 1961, Devrim was produced but unfortunately not able to take a place in the mass production process, even if it had been manufactured with great enthusiasm, devotion and imagination. In pursuit of [&hellip;]<\/p>\n","protected":false},"author":1,"featured_media":0,"parent":0,"menu_order":0,"comment_status":"closed","ping_status":"closed","template":"subpagewithmenu.php","meta":{"_acf_changed":false,"wp_social_preview_title":"","wp_social_preview_description":"","wp_social_preview_image":0,"footnotes":""},"class_list":["post-2458","page","type-page","status-publish","hentry"],"acf":[],"_links":{"self":[{"href":"https:\/\/erkurtholding.com\/en\/wp-json\/wp\/v2\/pages\/2458","targetHints":{"allow":["GET"]}}],"collection":[{"href":"https:\/\/erkurtholding.com\/en\/wp-json\/wp\/v2\/pages"}],"about":[{"href":"https:\/\/erkurtholding.com\/en\/wp-json\/wp\/v2\/types\/page"}],"author":[{"embeddable":true,"href":"https:\/\/erkurtholding.com\/en\/wp-json\/wp\/v2\/users\/1"}],"replies":[{"embeddable":true,"href":"https:\/\/erkurtholding.com\/en\/wp-json\/wp\/v2\/comments?post=2458"}],"version-history":[{"count":8,"href":"https:\/\/erkurtholding.com\/en\/wp-json\/wp\/v2\/pages\/2458\/revisions"}],"predecessor-version":[{"id":4597,"href":"https:\/\/erkurtholding.com\/en\/wp-json\/wp\/v2\/pages\/2458\/revisions\/4597"}],"wp:attachment":[{"href":"https:\/\/erkurtholding.com\/en\/wp-json\/wp\/v2\/media?parent=2458"}],"curies":[{"name":"wp","href":"https:\/\/api.w.org\/{rel}","templated":true}]}}