{"id":2453,"date":"2021-03-26T05:46:47","date_gmt":"2021-03-26T02:46:47","guid":{"rendered":"https:\/\/erkurtholding.com\/stratejik-gelisim\/"},"modified":"2021-03-26T05:46:47","modified_gmt":"2021-03-26T02:46:47","slug":"stratejik-gelisim","status":"publish","type":"page","link":"https:\/\/erkurtholding.com\/en\/stratejik-gelisim\/","title":{"rendered":"Stratejik Geli\u015fim Ofisi"},"content":{"rendered":"\n<p class=\"has-text-align-justify\"><strong>BEING GLOBAL<\/strong>&nbsp;vizyonumuz do\u011frultusunda var oldu\u011fumuz ve var olaca\u011f\u0131m\u0131z t\u00fcm co\u011frafyalarda ve faaliyet g\u00f6sterdi\u011fimiz t\u00fcm alanlarda fark yaratma ve rekabet avantaj\u0131m\u0131z\u0131 en \u00fcst d\u00fczeye \u00e7\u0131karma hedefiyle \u00e7al\u0131\u015f\u0131r. Bu hedef do\u011frultusunda Erkurt Holding ve i\u015ftirakleri aras\u0131nda stratejik olarak \u00f6nem arz eden konularda koordinasyon sa\u011flar.<\/p>\n\n\n\n<p class=\"has-text-align-justify\">Bu koordinasyon \u00e7er\u00e7evesinde, stratejik hedeflerle operasyon aras\u0131nda ba\u011flant\u0131 kurulmas\u0131, operasyonel m\u00fckemmellik yolculu\u011funa nezaret edilmesi ve de\u011fi\u015fim y\u00f6netimi bulunur.<\/p>\n\n\n\n<p class=\"has-text-align-justify\">Ama\u00e7, vizyonumuz do\u011frultusunda stratejiler geli\u015ftirerek organizasyonel potansiyelimizi etkin ve etkili bir de\u011fere d\u00f6n\u00fc\u015ft\u00fcrmektir. Bu ama\u00e7la sistem ve s\u00fcre\u00e7 tasar\u0131mlar\u0131 ger\u00e7ekle\u015ftirir.<\/p>\n","protected":false},"excerpt":{"rendered":"<p>BEING GLOBAL&nbsp;vizyonumuz do\u011frultusunda var oldu\u011fumuz ve var olaca\u011f\u0131m\u0131z t\u00fcm co\u011frafyalarda ve faaliyet g\u00f6sterdi\u011fimiz t\u00fcm alanlarda fark yaratma ve rekabet avantaj\u0131m\u0131z\u0131 en \u00fcst d\u00fczeye \u00e7\u0131karma hedefiyle \u00e7al\u0131\u015f\u0131r. Bu hedef do\u011frultusunda Erkurt Holding ve i\u015ftirakleri aras\u0131nda stratejik olarak \u00f6nem arz eden konularda koordinasyon sa\u011flar. Bu koordinasyon \u00e7er\u00e7evesinde, stratejik hedeflerle operasyon aras\u0131nda ba\u011flant\u0131 kurulmas\u0131, operasyonel m\u00fckemmellik yolculu\u011funa nezaret [&hellip;]<\/p>\n","protected":false},"author":1,"featured_media":0,"parent":0,"menu_order":0,"comment_status":"closed","ping_status":"closed","template":"subpagewithmenu.php","meta":{"_acf_changed":false,"wp_social_preview_title":"","wp_social_preview_description":"","wp_social_preview_image":0,"footnotes":""},"class_list":["post-2453","page","type-page","status-publish","hentry"],"acf":[],"_links":{"self":[{"href":"https:\/\/erkurtholding.com\/en\/wp-json\/wp\/v2\/pages\/2453","targetHints":{"allow":["GET"]}}],"collection":[{"href":"https:\/\/erkurtholding.com\/en\/wp-json\/wp\/v2\/pages"}],"about":[{"href":"https:\/\/erkurtholding.com\/en\/wp-json\/wp\/v2\/types\/page"}],"author":[{"embeddable":true,"href":"https:\/\/erkurtholding.com\/en\/wp-json\/wp\/v2\/users\/1"}],"replies":[{"embeddable":true,"href":"https:\/\/erkurtholding.com\/en\/wp-json\/wp\/v2\/comments?post=2453"}],"version-history":[{"count":0,"href":"https:\/\/erkurtholding.com\/en\/wp-json\/wp\/v2\/pages\/2453\/revisions"}],"wp:attachment":[{"href":"https:\/\/erkurtholding.com\/en\/wp-json\/wp\/v2\/media?parent=2453"}],"curies":[{"name":"wp","href":"https:\/\/api.w.org\/{rel}","templated":true}]}}