{"id":2442,"date":"2021-03-26T05:46:10","date_gmt":"2021-03-26T02:46:10","guid":{"rendered":"https:\/\/erkurtholding.com\/is-gelistirme\/"},"modified":"2021-03-26T05:46:10","modified_gmt":"2021-03-26T02:46:10","slug":"is-gelistirme","status":"publish","type":"page","link":"https:\/\/erkurtholding.com\/en\/is-gelistirme\/","title":{"rendered":"\u0130\u015f Geli\u015ftirme M\u00fcd\u00fcrl\u00fc\u011f\u00fc"},"content":{"rendered":"\n<p class=\"has-text-align-justify\">Erkurt Holding m\u00fc\u015fterisi olan OEM\u2019lere sunulan \u00fcr\u00fcnlerin, global pazara sunulmas\u0131 i\u00e7in ilgili \u00e7al\u0131\u015fmalar\u0131 y\u00fcr\u00fct\u00fcr, sekt\u00f6rel trendler ve geli\u015fmeleri takip ederek yeni i\u015f f\u0131rsatlar\u0131 i\u00e7in ara\u015ft\u0131rmalar yapar.<\/p>\n\n\n\n<p class=\"has-text-align-justify\">Erkurt Holding ve \u015firketlerinin ana faaliyet alanlar\u0131 olan otomotiv ve beyaz e\u015fya sekt\u00f6rleri d\u0131\u015f\u0131ndaki sekt\u00f6rler i\u00e7in, stratejilerimiz do\u011frultusunda temsilcilerle temas kurar, yeni \u00fcr\u00fcn sunma f\u0131rsatlar\u0131 olu\u015fturur.<strong><\/strong><\/p>\n","protected":false},"excerpt":{"rendered":"<p>Erkurt Holding m\u00fc\u015fterisi olan OEM\u2019lere sunulan \u00fcr\u00fcnlerin, global pazara sunulmas\u0131 i\u00e7in ilgili \u00e7al\u0131\u015fmalar\u0131 y\u00fcr\u00fct\u00fcr, sekt\u00f6rel trendler ve geli\u015fmeleri takip ederek yeni i\u015f f\u0131rsatlar\u0131 i\u00e7in ara\u015ft\u0131rmalar yapar. Erkurt Holding ve \u015firketlerinin ana faaliyet alanlar\u0131 olan otomotiv ve beyaz e\u015fya sekt\u00f6rleri d\u0131\u015f\u0131ndaki sekt\u00f6rler i\u00e7in, stratejilerimiz do\u011frultusunda temsilcilerle temas kurar, yeni \u00fcr\u00fcn sunma f\u0131rsatlar\u0131 olu\u015fturur.<\/p>\n","protected":false},"author":1,"featured_media":0,"parent":0,"menu_order":0,"comment_status":"closed","ping_status":"closed","template":"subpagewithmenu.php","meta":{"_acf_changed":false,"wp_social_preview_title":"","wp_social_preview_description":"","wp_social_preview_image":0,"footnotes":""},"class_list":["post-2442","page","type-page","status-publish","hentry"],"acf":[],"_links":{"self":[{"href":"https:\/\/erkurtholding.com\/en\/wp-json\/wp\/v2\/pages\/2442","targetHints":{"allow":["GET"]}}],"collection":[{"href":"https:\/\/erkurtholding.com\/en\/wp-json\/wp\/v2\/pages"}],"about":[{"href":"https:\/\/erkurtholding.com\/en\/wp-json\/wp\/v2\/types\/page"}],"author":[{"embeddable":true,"href":"https:\/\/erkurtholding.com\/en\/wp-json\/wp\/v2\/users\/1"}],"replies":[{"embeddable":true,"href":"https:\/\/erkurtholding.com\/en\/wp-json\/wp\/v2\/comments?post=2442"}],"version-history":[{"count":0,"href":"https:\/\/erkurtholding.com\/en\/wp-json\/wp\/v2\/pages\/2442\/revisions"}],"wp:attachment":[{"href":"https:\/\/erkurtholding.com\/en\/wp-json\/wp\/v2\/media?parent=2442"}],"curies":[{"name":"wp","href":"https:\/\/api.w.org\/{rel}","templated":true}]}}