{"id":2435,"date":"2021-03-14T03:05:32","date_gmt":"2021-03-14T00:05:32","guid":{"rendered":"https:\/\/erkurtholding.com\/formfleks\/"},"modified":"2023-05-24T16:42:56","modified_gmt":"2023-05-24T13:42:56","slug":"formfleks","status":"publish","type":"page","link":"https:\/\/erkurtholding.com\/en\/formfleks\/","title":{"rendered":"FORMFLEKS  OTOMOT\u0130V YAN SAN. VE T\u0130C. A.\u015e."},"content":{"rendered":"\n<p class=\"has-text-align-justify\">Formfleks, which was established in 1983, is the largest subsidiary of Erkurt Holding and provides parts it has developed and produced in the fields of interior trim and NVH to domestic and foreign automotive and white goods manufacturers with 8 locations in Turkey and 1 location abroad.<\/p>\n\n\n\n<p><strong><a href=\"https:\/\/www.formfleks.com.tr\/en\/\" data-type=\"URL\" data-id=\"https:\/\/www.formfleks.com.tr\/en\/\">www.formfleks.com<\/a><\/strong><\/p>\n","protected":false},"excerpt":{"rendered":"<p>Formfleks, which was established in 1983, is the largest subsidiary of Erkurt Holding and provides parts it has developed and produced in the fields of interior trim and NVH to domestic and foreign automotive and white goods manufacturers with 8 locations in Turkey and 1 location abroad. www.formfleks.com<\/p>\n","protected":false},"author":1,"featured_media":0,"parent":0,"menu_order":0,"comment_status":"closed","ping_status":"closed","template":"subpagewithmenu.php","meta":{"_acf_changed":false,"wp_social_preview_title":"","wp_social_preview_description":"","wp_social_preview_image":0,"footnotes":""},"class_list":["post-2435","page","type-page","status-publish","hentry"],"acf":[],"_links":{"self":[{"href":"https:\/\/erkurtholding.com\/en\/wp-json\/wp\/v2\/pages\/2435","targetHints":{"allow":["GET"]}}],"collection":[{"href":"https:\/\/erkurtholding.com\/en\/wp-json\/wp\/v2\/pages"}],"about":[{"href":"https:\/\/erkurtholding.com\/en\/wp-json\/wp\/v2\/types\/page"}],"author":[{"embeddable":true,"href":"https:\/\/erkurtholding.com\/en\/wp-json\/wp\/v2\/users\/1"}],"replies":[{"embeddable":true,"href":"https:\/\/erkurtholding.com\/en\/wp-json\/wp\/v2\/comments?post=2435"}],"version-history":[{"count":6,"href":"https:\/\/erkurtholding.com\/en\/wp-json\/wp\/v2\/pages\/2435\/revisions"}],"predecessor-version":[{"id":4120,"href":"https:\/\/erkurtholding.com\/en\/wp-json\/wp\/v2\/pages\/2435\/revisions\/4120"}],"wp:attachment":[{"href":"https:\/\/erkurtholding.com\/en\/wp-json\/wp\/v2\/media?parent=2435"}],"curies":[{"name":"wp","href":"https:\/\/api.w.org\/{rel}","templated":true}]}}