{"id":2434,"date":"2021-03-14T02:58:37","date_gmt":"2021-03-13T23:58:37","guid":{"rendered":"https:\/\/erkurtholding.com\/kariyer-gelisimi-ve-egitim-yonetimimiz\/"},"modified":"2021-03-14T02:58:37","modified_gmt":"2021-03-13T23:58:37","slug":"kariyer-gelisimi-ve-egitim-yonetimimiz","status":"publish","type":"page","link":"https:\/\/erkurtholding.com\/en\/kariyer-gelisimi-ve-egitim-yonetimimiz\/","title":{"rendered":"Erkurt Kariyer Modeli"},"content":{"rendered":"\n<p class=\"has-text-align-justify\">Mesleki geli\u015fiminin sorumlulu\u011funu \u00fcstlenen t\u00fcm \u00e7al\u0131\u015fanlar\u0131m\u0131za, kariyer modeli \u00e7er\u00e7evesinde geli\u015fim f\u0131rsatlar\u0131 sunar\u0131z.<\/p>\n\n\n\n<img decoding=\"async\" src=\"https:\/\/erkurtholding.com\/wp-content\/uploads\/2021\/05\/kariyer_yonrtimi_2-1.jpg\" width=\"100%\">\n\n\n\n<div class=\"wp-block-columns is-layout-flex wp-container-core-columns-is-layout-9d6595d7 wp-block-columns-is-layout-flex\">\n<div class=\"wp-block-column is-layout-flow wp-block-column-is-layout-flow\"><\/div>\n\n\n\n<div class=\"wp-block-column is-layout-flow wp-block-column-is-layout-flow\"><\/div>\n<\/div>\n\n\n\n<p><strong>Kariyer Y\u00f6netiminde Ba\u015far\u0131 Form\u00fclleri<\/strong><\/p>\n\n\n\n<p><strong>Y\u00b2\u00a0&#8220;Yetenek Y\u00f6netimi&#8221; <\/strong><\/p>\n\n\n\n<p class=\"has-text-align-justify\">Y\u00b2, Erkurt Holding&#8217;in, G\u00b2 Program\u0131&#8217;na d\u00e2hil olamayan t\u00fcm seviyelerdeki \u00e7al\u0131\u015fanlar\u0131n\u0131n bireysel ve organizasyonel geli\u015fimine katk\u0131 sa\u011flamay\u0131 ama\u00e7lad\u0131\u011f\u0131 kariyer geli\u015fim program\u0131d\u0131r.<\/p>\n\n\n\n<p><\/p>\n\n\n\n<p class=\"has-text-align-justify\"><\/p>\n\n\n\n<div class=\"wp-block-columns is-layout-flex wp-container-core-columns-is-layout-9d6595d7 wp-block-columns-is-layout-flex\">\n<div class=\"wp-block-column is-layout-flow wp-block-column-is-layout-flow\">\n<p><strong>G\u00b2&nbsp;\u201cGen\u00e7ler Gelece\u011fimizdir\u201d<\/strong><\/p>\n\n\n\n<p class=\"has-text-align-justify\">G\u00b2, Erkurt Holding&#8217;in, 90&#8217;lar ku\u015fa\u011f\u0131nda olan, \u00fcst\u00fcn performans g\u00f6steren ve potansiyeli y\u00fcksek gen\u00e7 \u00e7al\u0131\u015fanlar\u0131n\u0131 d\u00e2hil etti\u011fi \u00f6zel bir kariyer geli\u015fim program\u0131d\u0131r.<\/p>\n<\/div>\n\n\n\n<div class=\"wp-block-column is-layout-flow wp-block-column-is-layout-flow\">\n<a href=\"https:\/\/www.youtube.com\/watch?v=nR3dDPcyjZw\"><img decoding=\"async\" src=\"https:\/\/erkurtholding.com\/wp-content\/uploads\/2021\/05\/g2-3.jpg\" width=\"100%\"><\/a>\n<\/div>\n<\/div>\n\n\n\n<div class=\"wp-block-columns is-layout-flex wp-container-core-columns-is-layout-9d6595d7 wp-block-columns-is-layout-flex\">\n<div class=\"wp-block-column is-layout-flow wp-block-column-is-layout-flow\">\n<img decoding=\"async\" src=\"https:\/\/erkurtholding.com\/wp-content\/uploads\/2021\/05\/sahanin_yildizi3.jpg\" alt=\"\" width=\"100%\">\n<\/div>\n\n\n\n<div class=\"wp-block-column is-layout-flow wp-block-column-is-layout-flow\">\n<p><strong>Sahan\u0131n Y\u0131ld\u0131z\u0131<\/strong><\/p>\n\n\n\n<p class=\"has-text-align-justify\">Sahan\u0131n Y\u0131ld\u0131z\u0131, Erkurt Holding&#8217;in \u00fcretim alanlar\u0131nda y\u00fcksek performans ve potansiyel sergileyen \u00e7al\u0131\u015fanlar\u0131n\u0131 ke\u015ffederek, Vardiya Amiri ve Tak\u0131m Lideri pozisyonlar\u0131na haz\u0131rlad\u0131\u011f\u0131 kariyer geli\u015fim program\u0131d\u0131r.<\/p>\n<\/div>\n<\/div>\n","protected":false},"excerpt":{"rendered":"<p>Mesleki geli\u015fiminin sorumlulu\u011funu \u00fcstlenen t\u00fcm \u00e7al\u0131\u015fanlar\u0131m\u0131za, kariyer modeli \u00e7er\u00e7evesinde geli\u015fim f\u0131rsatlar\u0131 sunar\u0131z. Kariyer Y\u00f6netiminde Ba\u015far\u0131 Form\u00fclleri Y\u00b2\u00a0&#8220;Yetenek Y\u00f6netimi&#8221; Y\u00b2, Erkurt Holding&#8217;in, G\u00b2 Program\u0131&#8217;na d\u00e2hil olamayan t\u00fcm seviyelerdeki \u00e7al\u0131\u015fanlar\u0131n\u0131n bireysel ve organizasyonel geli\u015fimine katk\u0131 sa\u011flamay\u0131 ama\u00e7lad\u0131\u011f\u0131 kariyer geli\u015fim program\u0131d\u0131r. G\u00b2&nbsp;\u201cGen\u00e7ler Gelece\u011fimizdir\u201d G\u00b2, Erkurt Holding&#8217;in, 90&#8217;lar ku\u015fa\u011f\u0131nda olan, \u00fcst\u00fcn performans g\u00f6steren ve potansiyeli y\u00fcksek gen\u00e7 \u00e7al\u0131\u015fanlar\u0131n\u0131 d\u00e2hil [&hellip;]<\/p>\n","protected":false},"author":1,"featured_media":0,"parent":0,"menu_order":0,"comment_status":"closed","ping_status":"closed","template":"subpagewithmenu.php","meta":{"_acf_changed":false,"wp_social_preview_title":"","wp_social_preview_description":"","wp_social_preview_image":0,"footnotes":""},"class_list":["post-2434","page","type-page","status-publish","hentry"],"acf":[],"_links":{"self":[{"href":"https:\/\/erkurtholding.com\/en\/wp-json\/wp\/v2\/pages\/2434","targetHints":{"allow":["GET"]}}],"collection":[{"href":"https:\/\/erkurtholding.com\/en\/wp-json\/wp\/v2\/pages"}],"about":[{"href":"https:\/\/erkurtholding.com\/en\/wp-json\/wp\/v2\/types\/page"}],"author":[{"embeddable":true,"href":"https:\/\/erkurtholding.com\/en\/wp-json\/wp\/v2\/users\/1"}],"replies":[{"embeddable":true,"href":"https:\/\/erkurtholding.com\/en\/wp-json\/wp\/v2\/comments?post=2434"}],"version-history":[{"count":0,"href":"https:\/\/erkurtholding.com\/en\/wp-json\/wp\/v2\/pages\/2434\/revisions"}],"wp:attachment":[{"href":"https:\/\/erkurtholding.com\/en\/wp-json\/wp\/v2\/media?parent=2434"}],"curies":[{"name":"wp","href":"https:\/\/api.w.org\/{rel}","templated":true}]}}