{"id":2430,"date":"2021-03-14T02:49:08","date_gmt":"2021-03-13T23:49:08","guid":{"rendered":"https:\/\/erkurtholding.com\/dijital-donusum-sistemleri\/"},"modified":"2021-03-14T02:49:08","modified_gmt":"2021-03-13T23:49:08","slug":"dijital-donusum-sistemleri","status":"publish","type":"page","link":"https:\/\/erkurtholding.com\/en\/dijital-donusum-sistemleri\/","title":{"rendered":"Dijital D\u00f6n\u00fc\u015f\u00fcm Sistemleri"},"content":{"rendered":"\n<p>21. y\u00fczy\u0131l\u0131n d\u00fcnya d\u00fczeni dijital tabanl\u0131 olarak kurulmaktad\u0131r. &nbsp;<\/p>\n\n\n\n<p class=\"has-text-align-justify\">Sosyal hayat\u0131m\u0131zdan ba\u015flamak \u00fczere, devlet y\u00f6netimi hatta demokrasi anlay\u0131\u015f\u0131na kadar her \u015fey dijital altyap\u0131, veri toplama, dijital izlenebilirlik ve yapay zek\u00e2 kavramlar\u0131 \u00fczerinden geli\u015fecek.<\/p>\n\n\n\n<p class=\"has-text-align-justify\">Erkurt Holding olarak dijital d\u00f6n\u00fc\u015f\u00fcm ve bu d\u00f6n\u00fc\u015f\u00fcm\u00fcn s\u00fcre\u00e7lerimize entegrasyonundaki hedefimiz:<\/p>\n\n\n\n<ul class=\"wp-block-list\"><li>T\u00fcm s\u00fcre\u00e7lerin b\u00fct\u00fcnle\u015fik olarak u\u00e7tan uca tan\u0131ml\u0131 oldu\u011fu, dijital olarak izlenebilir yal\u0131n bir yap\u0131ya ula\u015fmakt\u0131r.<\/li><li>Bili\u015fim teknolojilerinin sa\u011flad\u0131\u011f\u0131 bu imk\u00e2nlar\u0131, \u015firketlerimizin k\u00e2rl\u0131l\u0131klar\u0131na ve verimliliklerine olumlu etki edecek \u015fekilde kullanarak katma de\u011ferler yaratmakt\u0131r.<\/li><\/ul>\n","protected":false},"excerpt":{"rendered":"<p>21. y\u00fczy\u0131l\u0131n d\u00fcnya d\u00fczeni dijital tabanl\u0131 olarak kurulmaktad\u0131r. &nbsp; Sosyal hayat\u0131m\u0131zdan ba\u015flamak \u00fczere, devlet y\u00f6netimi hatta demokrasi anlay\u0131\u015f\u0131na kadar her \u015fey dijital altyap\u0131, veri toplama, dijital izlenebilirlik ve yapay zek\u00e2 kavramlar\u0131 \u00fczerinden geli\u015fecek. Erkurt Holding olarak dijital d\u00f6n\u00fc\u015f\u00fcm ve bu d\u00f6n\u00fc\u015f\u00fcm\u00fcn s\u00fcre\u00e7lerimize entegrasyonundaki hedefimiz: T\u00fcm s\u00fcre\u00e7lerin b\u00fct\u00fcnle\u015fik olarak u\u00e7tan uca tan\u0131ml\u0131 oldu\u011fu, dijital olarak izlenebilir [&hellip;]<\/p>\n","protected":false},"author":1,"featured_media":0,"parent":0,"menu_order":0,"comment_status":"closed","ping_status":"closed","template":"","meta":{"_acf_changed":false,"wp_social_preview_title":"","wp_social_preview_description":"","wp_social_preview_image":0,"footnotes":""},"class_list":["post-2430","page","type-page","status-publish","hentry"],"acf":[],"_links":{"self":[{"href":"https:\/\/erkurtholding.com\/en\/wp-json\/wp\/v2\/pages\/2430","targetHints":{"allow":["GET"]}}],"collection":[{"href":"https:\/\/erkurtholding.com\/en\/wp-json\/wp\/v2\/pages"}],"about":[{"href":"https:\/\/erkurtholding.com\/en\/wp-json\/wp\/v2\/types\/page"}],"author":[{"embeddable":true,"href":"https:\/\/erkurtholding.com\/en\/wp-json\/wp\/v2\/users\/1"}],"replies":[{"embeddable":true,"href":"https:\/\/erkurtholding.com\/en\/wp-json\/wp\/v2\/comments?post=2430"}],"version-history":[{"count":0,"href":"https:\/\/erkurtholding.com\/en\/wp-json\/wp\/v2\/pages\/2430\/revisions"}],"wp:attachment":[{"href":"https:\/\/erkurtholding.com\/en\/wp-json\/wp\/v2\/media?parent=2430"}],"curies":[{"name":"wp","href":"https:\/\/api.w.org\/{rel}","templated":true}]}}