{"id":2427,"date":"2021-03-26T06:24:24","date_gmt":"2021-03-26T03:24:24","guid":{"rendered":"https:\/\/erkurtholding.com\/un-global-compact-covid-19-is-birligi-taahhudu\/"},"modified":"2021-03-26T06:24:24","modified_gmt":"2021-03-26T03:24:24","slug":"un-global-compact-covid-19-is-birligi-taahhudu","status":"publish","type":"page","link":"https:\/\/erkurtholding.com\/en\/un-global-compact-covid-19-is-birligi-taahhudu\/","title":{"rendered":"Covid-19 \u0130\u015f Birli\u011fi Taahh\u00fcd\u00fc"},"content":{"rendered":"\n<p class=\"has-text-align-justify\">\u201cYenilenen K\u00fcresel \u0130\u015f Birli\u011fi \u0130\u00e7in CEO Bildirisi\u201dnin alt\u0131na imza atarak k\u00fcresel i\u015f birli\u011fine dahil olduklar\u0131n\u0131 beyan edenler aras\u0131nda, Erkurt Holding ad\u0131na Y\u00f6netim Kurulu Ba\u015fkan\u0131m\u0131z&nbsp;\u00c2li Kerem Alptemo\u00e7in&nbsp;ve Formfleks ad\u0131na CEO\u2019muz Dr. Naz\u0131m Serhatl\u0131 da yer ald\u0131.<\/p>\n\n\n\n<p>Bildirinin detaylar\u0131na ve imzac\u0131lar\u0131n tam listesine bu&nbsp;<a href=\"https:\/\/www.globalcompactturkiye.org\/ceolar-covid-19-sonrasi-daha-iyi-bir-dunya-icin-ortak-bir-bildirinin-altina-imza-atti\/\">linke<\/a>&nbsp;t\u0131klayarak ula\u015fabilirsiniz.<\/p>\n","protected":false},"excerpt":{"rendered":"<p>\u201cYenilenen K\u00fcresel \u0130\u015f Birli\u011fi \u0130\u00e7in CEO Bildirisi\u201dnin alt\u0131na imza atarak k\u00fcresel i\u015f birli\u011fine dahil olduklar\u0131n\u0131 beyan edenler aras\u0131nda, Erkurt Holding ad\u0131na Y\u00f6netim Kurulu Ba\u015fkan\u0131m\u0131z&nbsp;\u00c2li Kerem Alptemo\u00e7in&nbsp;ve Formfleks ad\u0131na CEO\u2019muz Dr. Naz\u0131m Serhatl\u0131 da yer ald\u0131. Bildirinin detaylar\u0131na ve imzac\u0131lar\u0131n tam listesine bu&nbsp;linke&nbsp;t\u0131klayarak ula\u015fabilirsiniz.<\/p>\n","protected":false},"author":1,"featured_media":0,"parent":0,"menu_order":0,"comment_status":"closed","ping_status":"closed","template":"subpagewithmenu.php","meta":{"_acf_changed":false,"wp_social_preview_title":"","wp_social_preview_description":"","wp_social_preview_image":0,"footnotes":""},"class_list":["post-2427","page","type-page","status-publish","hentry"],"acf":[],"_links":{"self":[{"href":"https:\/\/erkurtholding.com\/en\/wp-json\/wp\/v2\/pages\/2427","targetHints":{"allow":["GET"]}}],"collection":[{"href":"https:\/\/erkurtholding.com\/en\/wp-json\/wp\/v2\/pages"}],"about":[{"href":"https:\/\/erkurtholding.com\/en\/wp-json\/wp\/v2\/types\/page"}],"author":[{"embeddable":true,"href":"https:\/\/erkurtholding.com\/en\/wp-json\/wp\/v2\/users\/1"}],"replies":[{"embeddable":true,"href":"https:\/\/erkurtholding.com\/en\/wp-json\/wp\/v2\/comments?post=2427"}],"version-history":[{"count":0,"href":"https:\/\/erkurtholding.com\/en\/wp-json\/wp\/v2\/pages\/2427\/revisions"}],"wp:attachment":[{"href":"https:\/\/erkurtholding.com\/en\/wp-json\/wp\/v2\/media?parent=2427"}],"curies":[{"name":"wp","href":"https:\/\/api.w.org\/{rel}","templated":true}]}}