{"id":2426,"date":"2021-03-14T03:06:44","date_gmt":"2021-03-14T00:06:44","guid":{"rendered":"https:\/\/erkurtholding.com\/bekalp-otomotiv\/"},"modified":"2023-03-09T15:23:27","modified_gmt":"2023-03-09T12:23:27","slug":"bekalp-logistics","status":"publish","type":"page","link":"https:\/\/erkurtholding.com\/en\/bekalp-logistics\/","title":{"rendered":"BEKALP LOJ\u0130ST\u0130K VE TA\u015eIMACILIK ANON\u0130M \u015e\u0130RKET\u0130"},"content":{"rendered":"\n<p class=\"has-text-align-justify\">Bekalp Logistics, which was established in 2012 to provide logistics services to holding subsidiaries, continues its activities with its renewed vehicle fleet with the principle of reliable and timely delivery.<\/p>\n","protected":false},"excerpt":{"rendered":"<p>Bekalp Logistics, which was established in 2012 to provide logistics services to holding subsidiaries, continues its activities with its renewed vehicle fleet with the principle of reliable and timely delivery.<\/p>\n","protected":false},"author":1,"featured_media":0,"parent":0,"menu_order":0,"comment_status":"closed","ping_status":"closed","template":"subpagewithmenu.php","meta":{"_acf_changed":false,"wp_social_preview_title":"","wp_social_preview_description":"","wp_social_preview_image":0,"footnotes":""},"class_list":["post-2426","page","type-page","status-publish","hentry"],"acf":[],"_links":{"self":[{"href":"https:\/\/erkurtholding.com\/en\/wp-json\/wp\/v2\/pages\/2426","targetHints":{"allow":["GET"]}}],"collection":[{"href":"https:\/\/erkurtholding.com\/en\/wp-json\/wp\/v2\/pages"}],"about":[{"href":"https:\/\/erkurtholding.com\/en\/wp-json\/wp\/v2\/types\/page"}],"author":[{"embeddable":true,"href":"https:\/\/erkurtholding.com\/en\/wp-json\/wp\/v2\/users\/1"}],"replies":[{"embeddable":true,"href":"https:\/\/erkurtholding.com\/en\/wp-json\/wp\/v2\/comments?post=2426"}],"version-history":[{"count":4,"href":"https:\/\/erkurtholding.com\/en\/wp-json\/wp\/v2\/pages\/2426\/revisions"}],"predecessor-version":[{"id":3509,"href":"https:\/\/erkurtholding.com\/en\/wp-json\/wp\/v2\/pages\/2426\/revisions\/3509"}],"wp:attachment":[{"href":"https:\/\/erkurtholding.com\/en\/wp-json\/wp\/v2\/media?parent=2426"}],"curies":[{"name":"wp","href":"https:\/\/api.w.org\/{rel}","templated":true}]}}