{"id":2425,"date":"2021-03-14T03:07:26","date_gmt":"2021-03-14T00:07:26","guid":{"rendered":"https:\/\/erkurtholding.com\/bekalp-kalipcilik\/"},"modified":"2023-05-30T13:23:10","modified_gmt":"2023-05-30T10:23:10","slug":"bekalp-kalipcilik","status":"publish","type":"page","link":"https:\/\/erkurtholding.com\/en\/bekalp-kalipcilik\/","title":{"rendered":"BEKALP KALIP\u00c7ILIK MAK\u0130NA \u0130MALAT VE S\u0130STEM TASARIM SAN. VE T\u0130C. A.\u015e."},"content":{"rendered":"\n<p class=\"has-text-align-justify\">Bekalp Kal\u0131p\u00e7\u0131l\u0131k designs and manufactures required production equipment such as mold manufacturing, control fixtures, apparatus and template of the interior trim and NVH products in the vehicles in all segments with creative and innovative solutions in the industry.<\/p>\n\n\n\n<p><a href=\"https:\/\/bekalp.com\/\" target=\"_blank\" rel=\"noreferrer noopener\">www.bekalp.com<\/a><\/p>\n","protected":false},"excerpt":{"rendered":"<p>Bekalp Kal\u0131p\u00e7\u0131l\u0131k designs and manufactures required production equipment such as mold manufacturing, control fixtures, apparatus and template of the interior trim and NVH products in the vehicles in all segments with creative and innovative solutions in the industry. www.bekalp.com<\/p>\n","protected":false},"author":1,"featured_media":0,"parent":0,"menu_order":0,"comment_status":"closed","ping_status":"closed","template":"subpagewithmenu.php","meta":{"_acf_changed":false,"wp_social_preview_title":"","wp_social_preview_description":"","wp_social_preview_image":0,"footnotes":""},"class_list":["post-2425","page","type-page","status-publish","hentry"],"acf":[],"_links":{"self":[{"href":"https:\/\/erkurtholding.com\/en\/wp-json\/wp\/v2\/pages\/2425","targetHints":{"allow":["GET"]}}],"collection":[{"href":"https:\/\/erkurtholding.com\/en\/wp-json\/wp\/v2\/pages"}],"about":[{"href":"https:\/\/erkurtholding.com\/en\/wp-json\/wp\/v2\/types\/page"}],"author":[{"embeddable":true,"href":"https:\/\/erkurtholding.com\/en\/wp-json\/wp\/v2\/users\/1"}],"replies":[{"embeddable":true,"href":"https:\/\/erkurtholding.com\/en\/wp-json\/wp\/v2\/comments?post=2425"}],"version-history":[{"count":6,"href":"https:\/\/erkurtholding.com\/en\/wp-json\/wp\/v2\/pages\/2425\/revisions"}],"predecessor-version":[{"id":4133,"href":"https:\/\/erkurtholding.com\/en\/wp-json\/wp\/v2\/pages\/2425\/revisions\/4133"}],"wp:attachment":[{"href":"https:\/\/erkurtholding.com\/en\/wp-json\/wp\/v2\/media?parent=2425"}],"curies":[{"name":"wp","href":"https:\/\/api.w.org\/{rel}","templated":true}]}}