{"id":2424,"date":"2021-03-14T03:06:02","date_gmt":"2021-03-14T00:06:02","guid":{"rendered":"https:\/\/erkurtholding.com\/autoneum-erkurt\/"},"modified":"2023-03-09T15:23:07","modified_gmt":"2023-03-09T12:23:07","slug":"autoneum-erkurt","status":"publish","type":"page","link":"https:\/\/erkurtholding.com\/en\/autoneum-erkurt\/","title":{"rendered":"AUTONEUM ERKURT OTOMOT\u0130V YAN SAN. VE T\u0130C. A.\u015e."},"content":{"rendered":"\n<p class=\"has-text-align-justify\">Autoneum ERKURT, which is a joint venture of Erkurt Holding and Autoneum Group, has been manufacturing interior trim, sound and thermal insulation products for automotive in Bursa since 1998.<\/p>\n","protected":false},"excerpt":{"rendered":"<p>Autoneum ERKURT, which is a joint venture of Erkurt Holding and Autoneum Group, has been manufacturing interior trim, sound and thermal insulation products for automotive in Bursa since 1998.<\/p>\n","protected":false},"author":1,"featured_media":0,"parent":0,"menu_order":0,"comment_status":"closed","ping_status":"closed","template":"subpagewithmenu.php","meta":{"_acf_changed":false,"wp_social_preview_title":"","wp_social_preview_description":"","wp_social_preview_image":0,"footnotes":""},"class_list":["post-2424","page","type-page","status-publish","hentry"],"acf":[],"_links":{"self":[{"href":"https:\/\/erkurtholding.com\/en\/wp-json\/wp\/v2\/pages\/2424","targetHints":{"allow":["GET"]}}],"collection":[{"href":"https:\/\/erkurtholding.com\/en\/wp-json\/wp\/v2\/pages"}],"about":[{"href":"https:\/\/erkurtholding.com\/en\/wp-json\/wp\/v2\/types\/page"}],"author":[{"embeddable":true,"href":"https:\/\/erkurtholding.com\/en\/wp-json\/wp\/v2\/users\/1"}],"replies":[{"embeddable":true,"href":"https:\/\/erkurtholding.com\/en\/wp-json\/wp\/v2\/comments?post=2424"}],"version-history":[{"count":2,"href":"https:\/\/erkurtholding.com\/en\/wp-json\/wp\/v2\/pages\/2424\/revisions"}],"predecessor-version":[{"id":2534,"href":"https:\/\/erkurtholding.com\/en\/wp-json\/wp\/v2\/pages\/2424\/revisions\/2534"}],"wp:attachment":[{"href":"https:\/\/erkurtholding.com\/en\/wp-json\/wp\/v2\/media?parent=2424"}],"curies":[{"name":"wp","href":"https:\/\/api.w.org\/{rel}","templated":true}]}}